{"id":6729,"date":"2017-03-02T07:50:58","date_gmt":"2017-03-02T06:50:58","guid":{"rendered":"http:\/\/konie.szumlakowski.pl\/beta\/?page_id=6729\/"},"modified":"2017-09-23T08:12:51","modified_gmt":"2017-09-23T06:12:51","slug":"ueber-uns","status":"publish","type":"page","link":"http:\/\/konie.szumlakowski.pl\/de\/ueber-uns\/","title":{"rendered":"\u00dcBER UNS"},"content":{"rendered":"<p>[vc_row css=&#8220;.vc_custom_1448452639504{padding-top: 50px !important;}&#8220;][vc_column][vc_tta_pageable no_fill_content_area=&#8220;1&#8243; active_section=&#8220;1&#8243; pagination_style=&#8220;flat-rounded&#8220; pagination_color=&#8220;black&#8220;][vc_tta_section title=&#8220;Section 1&#8243; tab_id=&#8220;1448377325666-d4b7a6b8-2d95&#8243;][vc_row_inner][vc_column_inner width=&#8220;1\/2&#8243;][vc_single_image image=&#8220;5378&#8243; img_size=&#8220;338&#215;338&#8243; alignment=&#8220;center&#8220; style=&#8220;vc_box_shadow_circle&#8220;][\/vc_column_inner][vc_column_inner width=&#8220;1\/2&#8243;][vc_column_text css=&#8220;.vc_custom_1488438272614{padding-bottom: 10px !important;}&#8220;]<strong>PFERDEZUCHT<\/strong>[\/vc_column_text][vc_column_text css=&#8220;.vc_custom_1488438312625{padding-top: 10px !important;}&#8220;]<\/p>\n<p style=\"text-align: center;\">Die Familie SZUMLAKOWSKI besch\u00e4ftigt sich seit Jahr 1991 mit der Sportpferdezucht. Schon im Jahr 1997 haben wir die Zusammenarbeit mit den ausl\u00e4ndischen Z\u00fcchter begonnen.Als erste Pferdez\u00fcchter in Polen haben wir den gefrorenen Samen aus Belgien von der Pferdezucht ZANGERSHEIDE nach Polen eingef\u00fchrt und mit diesem Samen haben wir unsere Stuten befruchtet. Im Bereich der Stutenbefruchtung haben wir auch mit Pferdezucht von Paul Schockem\u00f6hle in M\u00fchlen zusammengearbeitet. Seit Jahr 2010 befruchten wir unsere Stuten in der Klinik von Maciej Przewo\u017any. Unsere Pferdezucht basiert vor allem auf den in Deutschland gekauften Stuten, die aus der guten Linie der Springpferden abstammen und den ausgew\u00e4hlten Stuten aus der eigenen Pferdezucht. Systematisch nehmen wir an den Hengsttagen und K\u00f6rungen teil, die in Deutschland, Niederlanden und Belgien stattfinden. Das erleichtert uns in hohem Ma\u00dfe der Wahl der Henge f\u00fcr unsere Stuten.<\/p>\n<p>[\/vc_column_text][vc_empty_space height=&#8220;20&#8243;][\/vc_column_inner][\/vc_row_inner][\/vc_tta_section][vc_tta_section title=&#8220;Section 2&#8243; tab_id=&#8220;1448377325746-feda602e-2de1&#8243;][vc_row_inner][vc_column_inner width=&#8220;1\/2&#8243;][vc_column_text css=&#8220;.vc_custom_1488438346853{padding-bottom: 10px !important;}&#8220;]<\/p>\n<h4>SPORTLEISTUNGEN<\/h4>\n<p>[\/vc_column_text][vc_empty_space height=&#8220;20&#8243;][vc_column_text css=&#8220;.vc_custom_1488438389638{padding-top: 10px !important;}&#8220;]<\/p>\n<p style=\"text-align: left;\">Seit Jahr 2008 sind wir Mitglied des Pferdezuchtverbandes in Deutschland.<\/p>\n<ul style=\"text-align: left;\">\n<li>Die Pferde aus unserer Pferdezucht, die in Klub-Farben ?SZUMLAKOWSCY- CYSTERNY ? Brzeg? antreten, haben 5 Medaillen in Polnischen Meisterschaften der Jungen Pferde bekommen:<\/li>\n<li>ABRAXIS ? Z ? I Vizemeisterschaft der polnischen 4-j\u00e4hrigen Pferde ? 2006<\/li>\n<li>ABRAXIS ? Z ? II Vizemeisterschaft der polnischen 4-j\u00e4hrigen Pferde ? 2007<\/li>\n<li>ORINOKO ? Meisterschaft der polnischen 5-j\u00e4hrigen Pferde ? 2008<\/li>\n<li>GIBRALTAR REX ? Z ? II Vizemeisterschaft der polnischen 4-j\u00e4hrigen Pferde ? 2009<\/li>\n<li>ORINOKO I ? Vizemeisterschaft der polnischen 6-j\u00e4hrigen Pferde 2009<\/li>\n<\/ul>\n<p style=\"text-align: left;\">Die Hengste ABRAXIS ? Z und GIBRALTAR REX ? Z wurden f\u00fcr die Weltmeisterschaft der Jungen Pferde in Lanaken qualifiziert.<\/p>\n<p>[\/vc_column_text][\/vc_column_inner][vc_column_inner width=&#8220;1\/2&#8243;][vc_single_image image=&#8220;5392&#8243; img_size=&#8220;500&#215;338&#8243; alignment=&#8220;center&#8220; style=&#8220;vc_box_border_circle_2&#8243;][\/vc_column_inner][\/vc_row_inner][\/vc_tta_section][\/vc_tta_pageable][\/vc_column][\/vc_row][vc_row css=&#8220;.vc_custom_1448457451854{padding-top: 50px !important;padding-bottom: 25px !important;background-color: #f5f5f5 !important;}&#8220;][vc_column][vc_column_text css=&#8220;.vc_custom_1448457722606{padding-bottom: 35px !important;}&#8220;]<\/p>\n<h4>MEET OUR WONDERFUL HORSES<\/h4>\n<p>[\/vc_column_text][horseclub_grid_portofoliio porcol=&#8220;4&#8243; show_more_grid=&#8220;yes&#8220; nospace=&#8220;nospace&#8220; perpage=&#8220;4&#8243; gridporhover=&#8220;circle_hover&#8220;][\/vc_column][\/vc_row]<\/p>\n","protected":false},"excerpt":{"rendered":"<p>[vc_row css=&#8220;.vc_custom_1448452639504{padding-top: 50px !important;}&#8220;][vc_column][vc_tta_pageable no_fill_content_area=&#8220;1&#8243; active_section=&#8220;1&#8243; pagination_style=&#8220;flat-rounded&#8220; pagination_color=&#8220;black&#8220;][vc_tta_section title=&#8220;Section 1&#8243; tab_id=&#8220;1448377325666-d4b7a6b8-2d95&#8243;][vc_row_inner][vc_column_inner width=&#8220;1\/2&#8243;][vc_single_image image=&#8220;5378&#8243; img_size=&#8220;338&#215;338&#8243; alignment=&#8220;center&#8220; style=&#8220;vc_box_shadow_circle&#8220;][\/vc_column_inner][vc_column_inner width=&#8220;1\/2&#8243;][vc_column_text css=&#8220;.vc_custom_1488438272614{padding-bottom: 10px !important;}&#8220;]PFERDEZUCHT[\/vc_column_text][vc_column_text css=&#8220;.vc_custom_1488438312625{padding-top: 10px !important;}&#8220;] Die Familie SZUMLAKOWSKI besch\u00e4ftigt sich seit Jahr 1991 mit der Sportpferdezucht. Schon im Jahr 1997 haben wir die Zusammenarbeit mit den ausl\u00e4ndischen Z\u00fcchter begonnen.Als erste Pferdez\u00fcchter in Polen haben wir den gefrorenen Samen aus Belgien von der Pferdezucht ZANGERSHEIDE nach Polen eingef\u00fchrt und mit diesem Samen haben wir unsere Stuten befruchtet. Im Bereich der Stutenbefruchtung haben wir auch mit Pferdezucht von Paul Schockem\u00f6hle in M\u00fchlen zusammengearbeitet. Seit Jahr 2010 befruchten wir unsere Stuten in der Klinik von &hellip; <a href=\"http:\/\/konie.szumlakowski.pl\/de\/ueber-uns\/\">Continued<\/a><\/p>\n","protected":false},"author":2,"featured_media":0,"parent":0,"menu_order":0,"comment_status":"open","ping_status":"open","template":"page-fullwidth.php","meta":[],"_links":{"self":[{"href":"http:\/\/konie.szumlakowski.pl\/de\/wp-json\/wp\/v2\/pages\/6729"}],"collection":[{"href":"http:\/\/konie.szumlakowski.pl\/de\/wp-json\/wp\/v2\/pages"}],"about":[{"href":"http:\/\/konie.szumlakowski.pl\/de\/wp-json\/wp\/v2\/types\/page"}],"author":[{"embeddable":true,"href":"http:\/\/konie.szumlakowski.pl\/de\/wp-json\/wp\/v2\/users\/2"}],"replies":[{"embeddable":true,"href":"http:\/\/konie.szumlakowski.pl\/de\/wp-json\/wp\/v2\/comments?post=6729"}],"version-history":[{"count":2,"href":"http:\/\/konie.szumlakowski.pl\/de\/wp-json\/wp\/v2\/pages\/6729\/revisions"}],"predecessor-version":[{"id":6748,"href":"http:\/\/konie.szumlakowski.pl\/de\/wp-json\/wp\/v2\/pages\/6729\/revisions\/6748"}],"wp:attachment":[{"href":"http:\/\/konie.szumlakowski.pl\/de\/wp-json\/wp\/v2\/media?parent=6729"}],"curies":[{"name":"wp","href":"https:\/\/api.w.org\/{rel}","templated":true}]}}